{"id":23,"date":"2026-05-14T15:57:52","date_gmt":"2026-05-14T13:57:52","guid":{"rendered":"https:\/\/on-it.dk\/?page_id=23"},"modified":"2026-05-14T20:42:41","modified_gmt":"2026-05-14T18:42:41","slug":"forside","status":"publish","type":"page","link":"https:\/\/on-it.dk\/","title":{"rendered":"Forside"},"content":{"rendered":"\t\t<div data-elementor-type=\"wp-page\" data-elementor-id=\"23\" class=\"elementor elementor-23\" data-elementor-post-type=\"page\">\n\t\t\t\t<div class=\"elementor-element elementor-element-a39acf2 e-con-full e-flex e-con e-parent\" data-id=\"a39acf2\" data-element_type=\"container\" data-e-type=\"container\" data-settings=\"{&quot;background_background&quot;:&quot;classic&quot;}\">\n\t\t\t\t<div class=\"elementor-element elementor-element-f9c38a9 elementor-widget elementor-widget-heading\" data-id=\"f9c38a9\" data-element_type=\"widget\" data-e-type=\"widget\" data-widget_type=\"heading.default\">\n\t\t\t\t\t<h2 class=\"elementor-heading-title elementor-size-default\">IT-support og 3D-print med personlig service<\/h2>\t\t\t\t<\/div>\n\t\t\t\t<div class=\"elementor-element elementor-element-b7342b6 elementor-widget elementor-widget-text-editor\" data-id=\"b7342b6\" data-element_type=\"widget\" data-e-type=\"widget\" data-widget_type=\"text-editor.default\">\n\t\t\t\t\t\t\t\t\t<p>ON-IT hj\u00e6lper private og mindre virksomheder med IT support, netv\u00e6rk, cloud, fjernsupport og specieldesignede 3D-print.<\/p>\t\t\t\t\t\t\t\t<\/div>\n\t\t<div class=\"elementor-element elementor-element-db3b710 e-flex e-con-boxed e-con e-child\" data-id=\"db3b710\" data-element_type=\"container\" data-e-type=\"container\">\n\t\t\t\t\t<div class=\"e-con-inner\">\n\t\t\t\t<div class=\"elementor-element elementor-element-f9171e7 elementor-align-center elementor-widget elementor-widget-button\" data-id=\"f9171e7\" data-element_type=\"widget\" data-e-type=\"widget\" data-widget_type=\"button.default\">\n\t\t\t\t\t\t\t\t\t\t<a class=\"elementor-button elementor-button-link elementor-size-sm\" href=\"https:\/\/on-it.dk\/?page_id=36\">\n\t\t\t\t\t\t<span class=\"elementor-button-content-wrapper\">\n\t\t\t\t\t\t<span class=\"elementor-button-icon\">\n\t\t\t\t<svg aria-hidden=\"true\" class=\"e-font-icon-svg e-far-envelope\" viewBox=\"0 0 512 512\" xmlns=\"http:\/\/www.w3.org\/2000\/svg\"><path d=\"M464 64H48C21.49 64 0 85.49 0 112v288c0 26.51 21.49 48 48 48h416c26.51 0 48-21.49 48-48V112c0-26.51-21.49-48-48-48zm0 48v40.805c-22.422 18.259-58.168 46.651-134.587 106.49-16.841 13.247-50.201 45.072-73.413 44.701-23.208.375-56.579-31.459-73.413-44.701C106.18 199.465 70.425 171.067 48 152.805V112h416zM48 400V214.398c22.914 18.251 55.409 43.862 104.938 82.646 21.857 17.205 60.134 55.186 103.062 54.955 42.717.231 80.509-37.199 103.053-54.947 49.528-38.783 82.032-64.401 104.947-82.653V400H48z\"><\/path><\/svg>\t\t\t<\/span>\n\t\t\t\t\t\t\t\t\t<span class=\"elementor-button-text\">Kontakt On-It<\/span>\n\t\t\t\t\t<\/span>\n\t\t\t\t\t<\/a>\n\t\t\t\t\t\t\t\t<\/div>\n\t\t\t\t\t<\/div>\n\t\t\t\t<\/div>\n\t\t\t\t<\/div>\n\t\t<div class=\"elementor-element elementor-element-d1239e5 e-grid e-con-boxed e-con e-parent\" data-id=\"d1239e5\" data-element_type=\"container\" data-e-type=\"container\">\n\t\t\t\t\t<div class=\"e-con-inner\">\n\t\t<a class=\"elementor-element elementor-element-615552b e-con-full e-flex e-con e-child\" data-id=\"615552b\" data-element_type=\"container\" data-e-type=\"container\" data-settings=\"{&quot;background_background&quot;:&quot;classic&quot;}\" href=\"https:\/\/on-it.dk\/?page_id=29\">\n\t\t\t\t<div class=\"elementor-element elementor-element-92c1286 elementor-widget elementor-widget-heading\" data-id=\"92c1286\" data-element_type=\"widget\" data-e-type=\"widget\" data-widget_type=\"heading.default\">\n\t\t\t\t\t<h2 class=\"elementor-heading-title elementor-size-default\">IT-support<\/h2>\t\t\t\t<\/div>\n\t\t\t\t<div class=\"elementor-element elementor-element-a56f51d elementor-absolute elementor-widget elementor-widget-image\" data-id=\"a56f51d\" data-element_type=\"widget\" data-e-type=\"widget\" data-settings=\"{&quot;_position&quot;:&quot;absolute&quot;}\" data-widget_type=\"image.default\">\n\t\t\t\t\t\t\t\t\t\t\t\t\t\t\t<img fetchpriority=\"high\" decoding=\"async\" width=\"800\" height=\"448\" src=\"https:\/\/on-it.dk\/wp-content\/uploads\/2026\/05\/Ikon-it-support-1024x573.png\" class=\"attachment-large size-large wp-image-167\" alt=\"\" srcset=\"https:\/\/on-it.dk\/wp-content\/uploads\/2026\/05\/Ikon-it-support-1024x573.png 1024w, https:\/\/on-it.dk\/wp-content\/uploads\/2026\/05\/Ikon-it-support-300x168.png 300w, https:\/\/on-it.dk\/wp-content\/uploads\/2026\/05\/Ikon-it-support-768x430.png 768w, https:\/\/on-it.dk\/wp-content\/uploads\/2026\/05\/Ikon-it-support-1536x860.png 1536w, https:\/\/on-it.dk\/wp-content\/uploads\/2026\/05\/Ikon-it-support.png 1600w\" sizes=\"(max-width: 800px) 100vw, 800px\" \/>\t\t\t\t\t\t\t\t\t\t\t\t\t\t\t<\/div>\n\t\t\t\t<div class=\"elementor-element elementor-element-a87e250 elementor-widget__width-initial elementor-widget elementor-widget-text-editor\" data-id=\"a87e250\" data-element_type=\"widget\" data-e-type=\"widget\" data-widget_type=\"text-editor.default\">\n\t\t\t\t\t\t\t\t\t<ul><li data-start=\"1275\" data-end=\"1284\">netv\u00e6rk<\/li><li data-start=\"1285\" data-end=\"1299\">fjernsupport<\/li><li data-start=\"1300\" data-end=\"1307\">cloud<\/li><\/ul>\t\t\t\t\t\t\t\t<\/div>\n\t\t\t\t<\/a>\n\t\t<a class=\"elementor-element elementor-element-7b5abc0 e-con-full e-flex e-con e-child\" data-id=\"7b5abc0\" data-element_type=\"container\" data-e-type=\"container\" data-settings=\"{&quot;background_background&quot;:&quot;classic&quot;}\" href=\"https:\/\/on-it.dk\/?page_id=31\">\n\t\t\t\t<div class=\"elementor-element elementor-element-b575bfc elementor-widget elementor-widget-heading\" data-id=\"b575bfc\" data-element_type=\"widget\" data-e-type=\"widget\" data-widget_type=\"heading.default\">\n\t\t\t\t\t<h2 class=\"elementor-heading-title elementor-size-default\">3D-print<\/h2>\t\t\t\t<\/div>\n\t\t\t\t<div class=\"elementor-element elementor-element-5518de3 elementor-widget__width-initial elementor-widget elementor-widget-text-editor\" data-id=\"5518de3\" data-element_type=\"widget\" data-e-type=\"widget\" data-widget_type=\"text-editor.default\">\n\t\t\t\t\t\t\t\t\t<ul><li data-start=\"1322\" data-end=\"1334\">prototyper<\/li><li data-start=\"1335\" data-end=\"1350\">specialdesign<\/li><li data-start=\"1351\" data-end=\"1364\">reservedele<\/li><\/ul>\t\t\t\t\t\t\t\t<\/div>\n\t\t\t\t<div class=\"elementor-element elementor-element-b0cdadb elementor-widget__width-initial elementor-absolute elementor-widget elementor-widget-image\" data-id=\"b0cdadb\" data-element_type=\"widget\" data-e-type=\"widget\" data-settings=\"{&quot;_position&quot;:&quot;absolute&quot;}\" data-widget_type=\"image.default\">\n\t\t\t\t\t\t\t\t\t\t\t\t\t\t\t<img decoding=\"async\" width=\"800\" height=\"448\" src=\"https:\/\/on-it.dk\/wp-content\/uploads\/2026\/05\/Ikon-3d-1024x573.png\" class=\"attachment-large size-large wp-image-171\" alt=\"\" srcset=\"https:\/\/on-it.dk\/wp-content\/uploads\/2026\/05\/Ikon-3d-1024x573.png 1024w, https:\/\/on-it.dk\/wp-content\/uploads\/2026\/05\/Ikon-3d-300x168.png 300w, https:\/\/on-it.dk\/wp-content\/uploads\/2026\/05\/Ikon-3d-768x430.png 768w, https:\/\/on-it.dk\/wp-content\/uploads\/2026\/05\/Ikon-3d-1536x860.png 1536w, https:\/\/on-it.dk\/wp-content\/uploads\/2026\/05\/Ikon-3d.png 1600w\" sizes=\"(max-width: 800px) 100vw, 800px\" \/>\t\t\t\t\t\t\t\t\t\t\t\t\t\t\t<\/div>\n\t\t\t\t<\/a>\n\t\t<a class=\"elementor-element elementor-element-14f785f e-con-full e-flex e-con e-child\" data-id=\"14f785f\" data-element_type=\"container\" data-e-type=\"container\" data-settings=\"{&quot;background_background&quot;:&quot;classic&quot;}\" href=\"https:\/\/on-it.dk\/?page_id=29\">\n\t\t\t\t<div class=\"elementor-element elementor-element-5cf6c4f elementor-widget elementor-widget-heading\" data-id=\"5cf6c4f\" data-element_type=\"widget\" data-e-type=\"widget\" data-widget_type=\"heading.default\">\n\t\t\t\t\t<h2 class=\"elementor-heading-title elementor-size-default\">Konsulent<\/h2>\t\t\t\t<\/div>\n\t\t\t\t<div class=\"elementor-element elementor-element-9bbd065 elementor-widget__width-initial elementor-widget elementor-widget-text-editor\" data-id=\"9bbd065\" data-element_type=\"widget\" data-e-type=\"widget\" data-widget_type=\"text-editor.default\">\n\t\t\t\t\t\t\t\t\t<ul><li data-start=\"1380\" data-end=\"1388\">onsite<\/li><li data-start=\"1389\" data-end=\"1400\">ops\u00e6tning<\/li><li data-start=\"1401\" data-end=\"1413\">r\u00e5dgivning<\/li><\/ul>\t\t\t\t\t\t\t\t<\/div>\n\t\t\t\t<div class=\"elementor-element elementor-element-c298656 elementor-absolute elementor-widget elementor-widget-image\" data-id=\"c298656\" data-element_type=\"widget\" data-e-type=\"widget\" data-settings=\"{&quot;_position&quot;:&quot;absolute&quot;}\" data-widget_type=\"image.default\">\n\t\t\t\t\t\t\t\t\t\t\t\t\t\t\t<img decoding=\"async\" width=\"800\" height=\"448\" src=\"https:\/\/on-it.dk\/wp-content\/uploads\/2026\/05\/Ikon-konsulent-1024x573.png\" class=\"attachment-large size-large wp-image-172\" alt=\"\" srcset=\"https:\/\/on-it.dk\/wp-content\/uploads\/2026\/05\/Ikon-konsulent-1024x573.png 1024w, https:\/\/on-it.dk\/wp-content\/uploads\/2026\/05\/Ikon-konsulent-300x168.png 300w, https:\/\/on-it.dk\/wp-content\/uploads\/2026\/05\/Ikon-konsulent-768x430.png 768w, https:\/\/on-it.dk\/wp-content\/uploads\/2026\/05\/Ikon-konsulent-1536x860.png 1536w, https:\/\/on-it.dk\/wp-content\/uploads\/2026\/05\/Ikon-konsulent.png 1600w\" sizes=\"(max-width: 800px) 100vw, 800px\" \/>\t\t\t\t\t\t\t\t\t\t\t\t\t\t\t<\/div>\n\t\t\t\t<\/a>\n\t\t\t\t\t<\/div>\n\t\t\t\t<\/div>\n\t\t\t\t<\/div>\n\t\t","protected":false},"excerpt":{"rendered":"<p>IT-support og 3D-print med personlig service ON-IT hj\u00e6lper private og mindre virksomheder med IT support, netv\u00e6rk, cloud, fjernsupport og specieldesignede 3D-print. Kontakt On-It IT-support netv\u00e6rk fjernsupport cloud 3D-print prototyper specialdesign reservedele Konsulent onsite ops\u00e6tning r\u00e5dgivning<\/p>\n","protected":false},"author":1,"featured_media":0,"parent":0,"menu_order":0,"comment_status":"closed","ping_status":"closed","template":"elementor_header_footer","meta":{"footnotes":""},"class_list":["post-23","page","type-page","status-publish","hentry"],"_links":{"self":[{"href":"https:\/\/on-it.dk\/index.php?rest_route=\/wp\/v2\/pages\/23","targetHints":{"allow":["GET"]}}],"collection":[{"href":"https:\/\/on-it.dk\/index.php?rest_route=\/wp\/v2\/pages"}],"about":[{"href":"https:\/\/on-it.dk\/index.php?rest_route=\/wp\/v2\/types\/page"}],"author":[{"embeddable":true,"href":"https:\/\/on-it.dk\/index.php?rest_route=\/wp\/v2\/users\/1"}],"replies":[{"embeddable":true,"href":"https:\/\/on-it.dk\/index.php?rest_route=%2Fwp%2Fv2%2Fcomments&post=23"}],"version-history":[{"count":79,"href":"https:\/\/on-it.dk\/index.php?rest_route=\/wp\/v2\/pages\/23\/revisions"}],"predecessor-version":[{"id":202,"href":"https:\/\/on-it.dk\/index.php?rest_route=\/wp\/v2\/pages\/23\/revisions\/202"}],"wp:attachment":[{"href":"https:\/\/on-it.dk\/index.php?rest_route=%2Fwp%2Fv2%2Fmedia&parent=23"}],"curies":[{"name":"wp","href":"https:\/\/api.w.org\/{rel}","templated":true}]}}